{"id":404,"date":"2025-11-26T15:22:08","date_gmt":"2025-11-26T15:22:08","guid":{"rendered":"https:\/\/new.ccw-ict.ch\/?page_id=404"},"modified":"2025-11-26T15:26:30","modified_gmt":"2025-11-26T15:26:30","slug":"reglement","status":"publish","type":"page","link":"https:\/\/bibliothek-niederglatt.ch\/index.php\/reglement\/","title":{"rendered":"Reglement"},"content":{"rendered":"\t\t<div data-elementor-type=\"wp-page\" data-elementor-id=\"404\" class=\"elementor elementor-404\" data-elementor-post-type=\"page\">\n\t\t\t\t<div class=\"elementor-element elementor-element-8a3b772 e-flex e-con-boxed e-con e-parent\" data-id=\"8a3b772\" data-element_type=\"container\" data-e-type=\"container\">\n\t\t\t\t\t<div class=\"e-con-inner\">\n\t\t\t\t<div class=\"elementor-element elementor-element-1498cbf elementor-widget elementor-widget-heading\" data-id=\"1498cbf\" data-element_type=\"widget\" data-e-type=\"widget\" data-widget_type=\"heading.default\">\n\t\t\t\t\t<h2 class=\"elementor-heading-title elementor-size-default\">Jahresberichte<\/h2>\t\t\t\t<\/div>\n\t\t\t\t\t<\/div>\n\t\t\t\t<\/div>\n\t\t<div class=\"elementor-element elementor-element-7b91d0b e-flex e-con-boxed e-con e-parent\" data-id=\"7b91d0b\" data-element_type=\"container\" data-e-type=\"container\">\n\t\t\t\t\t<div class=\"e-con-inner\">\n\t\t\t\t<div class=\"elementor-element elementor-element-5aee582 elementor-widget elementor-widget-n-accordion\" data-id=\"5aee582\" data-element_type=\"widget\" data-e-type=\"widget\" data-settings=\"{&quot;default_state&quot;:&quot;all_collapsed&quot;,&quot;max_items_expended&quot;:&quot;one&quot;,&quot;n_accordion_animation_duration&quot;:{&quot;unit&quot;:&quot;ms&quot;,&quot;size&quot;:400,&quot;sizes&quot;:[]}}\" data-widget_type=\"nested-accordion.default\">\n\t\t\t\t\t\t\t<div class=\"e-n-accordion\" aria-label=\"Accordion. Open links with Enter or Space, close with Escape, and navigate with Arrow Keys\">\n\t\t\t\t\t\t<details id=\"e-n-accordion-item-9530\" class=\"e-n-accordion-item\" >\n\t\t\t\t<summary class=\"e-n-accordion-item-title\" data-accordion-index=\"1\" tabindex=\"0\" aria-expanded=\"false\" aria-controls=\"e-n-accordion-item-9530\" >\n\t\t\t\t\t<span class='e-n-accordion-item-title-header'><div class=\"e-n-accordion-item-title-text\"> Reglement der Bibliothek Niederglatt <\/div><\/span>\n\t\t\t\t\t\t\t<span class='e-n-accordion-item-title-icon'>\n\t\t\t<span class='e-opened' ><svg aria-hidden=\"true\" class=\"e-font-icon-svg e-fas-minus\" viewBox=\"0 0 448 512\" xmlns=\"http:\/\/www.w3.org\/2000\/svg\"><path d=\"M416 208H32c-17.67 0-32 14.33-32 32v32c0 17.67 14.33 32 32 32h384c17.67 0 32-14.33 32-32v-32c0-17.67-14.33-32-32-32z\"><\/path><\/svg><\/span>\n\t\t\t<span class='e-closed'><svg aria-hidden=\"true\" class=\"e-font-icon-svg e-fas-plus\" viewBox=\"0 0 448 512\" xmlns=\"http:\/\/www.w3.org\/2000\/svg\"><path d=\"M416 208H272V64c0-17.67-14.33-32-32-32h-32c-17.67 0-32 14.33-32 32v144H32c-17.67 0-32 14.33-32 32v32c0 17.67 14.33 32 32 32h144v144c0 17.67 14.33 32 32 32h32c17.67 0 32-14.33 32-32V304h144c17.67 0 32-14.33 32-32v-32c0-17.67-14.33-32-32-32z\"><\/path><\/svg><\/span>\n\t\t<\/span>\n\n\t\t\t\t\t\t<\/summary>\n\t\t\t\t<div role=\"region\" aria-labelledby=\"e-n-accordion-item-9530\" class=\"elementor-element elementor-element-2b6bba1 e-con-full e-flex e-con e-child\" data-id=\"2b6bba1\" data-element_type=\"container\" data-e-type=\"container\">\n\t\t<div role=\"region\" aria-labelledby=\"e-n-accordion-item-9530\" class=\"elementor-element elementor-element-5e6ae2a e-flex e-con-boxed e-con e-child\" data-id=\"5e6ae2a\" data-element_type=\"container\" data-e-type=\"container\">\n\t\t\t\t\t<div class=\"e-con-inner\">\n\t\t\t\t<div class=\"elementor-element elementor-element-b2e1eed elementor-align-center elementor-widget elementor-widget-button\" data-id=\"b2e1eed\" data-element_type=\"widget\" data-e-type=\"widget\" data-widget_type=\"button.default\">\n\t\t\t\t\t\t\t\t\t\t<a class=\"elementor-button elementor-button-link elementor-size-sm\" href=\"https:\/\/bibliothek-niederglatt.ch\/wp-content\/uploads\/2025\/11\/2022.07.01_Reglement_fuer_die_Bibliothek.pdf\" target=\"_blank\">\n\t\t\t\t\t\t<span class=\"elementor-button-content-wrapper\">\n\t\t\t\t\t\t\t\t\t<span class=\"elementor-button-text\">Reglement der Bibliothek Niederglatt<\/span>\n\t\t\t\t\t<\/span>\n\t\t\t\t\t<\/a>\n\t\t\t\t\t\t\t\t<\/div>\n\t\t\t\t\t<\/div>\n\t\t\t\t<\/div>\n\t\t\t\t<\/div>\n\t\t\t\t\t<\/details>\n\t\t\t\t\t\t<details id=\"e-n-accordion-item-9531\" class=\"e-n-accordion-item\" >\n\t\t\t\t<summary class=\"e-n-accordion-item-title\" data-accordion-index=\"2\" tabindex=\"-1\" aria-expanded=\"false\" aria-controls=\"e-n-accordion-item-9531\" >\n\t\t\t\t\t<span class='e-n-accordion-item-title-header'><div class=\"e-n-accordion-item-title-text\"> Benutzungs- und Geb\u00fchrenreglement <\/div><\/span>\n\t\t\t\t\t\t\t<span class='e-n-accordion-item-title-icon'>\n\t\t\t<span class='e-opened' ><svg aria-hidden=\"true\" class=\"e-font-icon-svg e-fas-minus\" viewBox=\"0 0 448 512\" xmlns=\"http:\/\/www.w3.org\/2000\/svg\"><path d=\"M416 208H32c-17.67 0-32 14.33-32 32v32c0 17.67 14.33 32 32 32h384c17.67 0 32-14.33 32-32v-32c0-17.67-14.33-32-32-32z\"><\/path><\/svg><\/span>\n\t\t\t<span class='e-closed'><svg aria-hidden=\"true\" class=\"e-font-icon-svg e-fas-plus\" viewBox=\"0 0 448 512\" xmlns=\"http:\/\/www.w3.org\/2000\/svg\"><path d=\"M416 208H272V64c0-17.67-14.33-32-32-32h-32c-17.67 0-32 14.33-32 32v144H32c-17.67 0-32 14.33-32 32v32c0 17.67 14.33 32 32 32h144v144c0 17.67 14.33 32 32 32h32c17.67 0 32-14.33 32-32V304h144c17.67 0 32-14.33 32-32v-32c0-17.67-14.33-32-32-32z\"><\/path><\/svg><\/span>\n\t\t<\/span>\n\n\t\t\t\t\t\t<\/summary>\n\t\t\t\t<div role=\"region\" aria-labelledby=\"e-n-accordion-item-9531\" class=\"elementor-element elementor-element-68a5803 e-con-full e-flex e-con e-child\" data-id=\"68a5803\" data-element_type=\"container\" data-e-type=\"container\">\n\t\t\t\t<div class=\"elementor-element elementor-element-eb59f7e elementor-align-center elementor-widget elementor-widget-button\" data-id=\"eb59f7e\" data-element_type=\"widget\" data-e-type=\"widget\" data-widget_type=\"button.default\">\n\t\t\t\t\t\t\t\t\t\t<a class=\"elementor-button elementor-button-link elementor-size-sm\" href=\"https:\/\/bibliothek-niederglatt.ch\/wp-content\/uploads\/2025\/11\/2022.07.01_Benutzungs-_und_Gebuehrenreglement_der_Bibliothek.pdf\" target=\"_blank\">\n\t\t\t\t\t\t<span class=\"elementor-button-content-wrapper\">\n\t\t\t\t\t\t\t\t\t<span class=\"elementor-button-text\">Benutzungs- und Geb\u00fchrenreglement<\/span>\n\t\t\t\t\t<\/span>\n\t\t\t\t\t<\/a>\n\t\t\t\t\t\t\t\t<\/div>\n\t\t\t\t<\/div>\n\t\t\t\t\t<\/details>\n\t\t\t\t\t<\/div>\n\t\t\t\t\t\t<\/div>\n\t\t\t\t\t<\/div>\n\t\t\t\t<\/div>\n\t\t\t\t<\/div>\n\t\t","protected":false},"excerpt":{"rendered":"<p>Jahresberichte Reglement der Bibliothek Niederglatt Reglement der Bibliothek Niederglatt Benutzungs- und Geb\u00fchrenreglement Benutzungs- und Geb\u00fchrenreglement Reglement der Bibliothek Niederglatt Benutzungs- und Geb\u00fchrenreglement<\/p>\n","protected":false},"author":2,"featured_media":0,"parent":0,"menu_order":0,"comment_status":"closed","ping_status":"closed","template":"elementor_theme","meta":{"ocean_post_layout":"full-screen","ocean_both_sidebars_style":"","ocean_both_sidebars_content_width":0,"ocean_both_sidebars_sidebars_width":0,"ocean_sidebar":"","ocean_second_sidebar":"","ocean_disable_margins":"enable","ocean_add_body_class":"","ocean_shortcode_before_top_bar":"","ocean_shortcode_after_top_bar":"","ocean_shortcode_before_header":"","ocean_shortcode_after_header":"","ocean_has_shortcode":"","ocean_shortcode_after_title":"","ocean_shortcode_before_footer_widgets":"","ocean_shortcode_after_footer_widgets":"","ocean_shortcode_before_footer_bottom":"","ocean_shortcode_after_footer_bottom":"","ocean_display_top_bar":"off","ocean_display_header":"default","ocean_header_style":"top","ocean_center_header_left_menu":"","ocean_custom_header_template":"","ocean_custom_logo":0,"ocean_custom_retina_logo":0,"ocean_custom_logo_max_width":0,"ocean_custom_logo_tablet_max_width":0,"ocean_custom_logo_mobile_max_width":0,"ocean_custom_logo_max_height":0,"ocean_custom_logo_tablet_max_height":0,"ocean_custom_logo_mobile_max_height":0,"ocean_header_custom_menu":"","ocean_menu_typo_font_family":"","ocean_menu_typo_font_subset":"","ocean_menu_typo_font_size":0,"ocean_menu_typo_font_size_tablet":0,"ocean_menu_typo_font_size_mobile":0,"ocean_menu_typo_font_size_unit":"px","ocean_menu_typo_font_weight":"","ocean_menu_typo_font_weight_tablet":"","ocean_menu_typo_font_weight_mobile":"","ocean_menu_typo_transform":"","ocean_menu_typo_transform_tablet":"","ocean_menu_typo_transform_mobile":"","ocean_menu_typo_line_height":0,"ocean_menu_typo_line_height_tablet":0,"ocean_menu_typo_line_height_mobile":0,"ocean_menu_typo_line_height_unit":"","ocean_menu_typo_spacing":0,"ocean_menu_typo_spacing_tablet":0,"ocean_menu_typo_spacing_mobile":0,"ocean_menu_typo_spacing_unit":"","ocean_menu_link_color":"","ocean_menu_link_color_hover":"","ocean_menu_link_color_active":"","ocean_menu_link_background":"","ocean_menu_link_hover_background":"","ocean_menu_link_active_background":"","ocean_menu_social_links_bg":"","ocean_menu_social_hover_links_bg":"","ocean_menu_social_links_color":"","ocean_menu_social_hover_links_color":"","ocean_disable_title":"on","ocean_disable_heading":"default","ocean_post_title":"","ocean_post_subheading":"","ocean_post_title_style":"","ocean_post_title_background_color":"","ocean_post_title_background":0,"ocean_post_title_bg_image_position":"","ocean_post_title_bg_image_attachment":"","ocean_post_title_bg_image_repeat":"","ocean_post_title_bg_image_size":"","ocean_post_title_height":0,"ocean_post_title_bg_overlay":0.5,"ocean_post_title_bg_overlay_color":"","ocean_disable_breadcrumbs":"default","ocean_breadcrumbs_color":"","ocean_breadcrumbs_separator_color":"","ocean_breadcrumbs_links_color":"","ocean_breadcrumbs_links_hover_color":"","ocean_display_footer_widgets":"off","ocean_display_footer_bottom":"default","ocean_custom_footer_template":"","footnotes":""},"class_list":["post-404","page","type-page","status-publish","hentry","entry"],"yoast_head":"<!-- This site is optimized with the Yoast SEO plugin v27.4 - https:\/\/yoast.com\/product\/yoast-seo-wordpress\/ -->\n<title>Reglement - Bibliothek Niederglatt<\/title>\n<meta name=\"robots\" content=\"index, follow, max-snippet:-1, max-image-preview:large, max-video-preview:-1\" \/>\n<link rel=\"canonical\" href=\"https:\/\/bibliothek-niederglatt.ch\/index.php\/reglement\/\" \/>\n<meta property=\"og:locale\" content=\"de_DE\" \/>\n<meta property=\"og:type\" content=\"article\" \/>\n<meta property=\"og:title\" content=\"Reglement - Bibliothek Niederglatt\" \/>\n<meta property=\"og:description\" content=\"Jahresberichte Reglement der Bibliothek Niederglatt Reglement der Bibliothek Niederglatt Benutzungs- und Geb\u00fchrenreglement Benutzungs- und Geb\u00fchrenreglement Reglement der Bibliothek Niederglatt Benutzungs- und Geb\u00fchrenreglement\" \/>\n<meta property=\"og:url\" content=\"https:\/\/bibliothek-niederglatt.ch\/index.php\/reglement\/\" \/>\n<meta property=\"og:site_name\" content=\"Bibliothek Niederglatt\" \/>\n<meta property=\"article:modified_time\" content=\"2025-11-26T15:26:30+00:00\" \/>\n<meta name=\"twitter:card\" content=\"summary_large_image\" \/>\n<script type=\"application\/ld+json\" class=\"yoast-schema-graph\">{\"@context\":\"https:\\\/\\\/schema.org\",\"@graph\":[{\"@type\":\"WebPage\",\"@id\":\"https:\\\/\\\/bibliothek-niederglatt.ch\\\/index.php\\\/reglement\\\/\",\"url\":\"https:\\\/\\\/bibliothek-niederglatt.ch\\\/index.php\\\/reglement\\\/\",\"name\":\"Reglement - Bibliothek Niederglatt\",\"isPartOf\":{\"@id\":\"https:\\\/\\\/bibliothek-niederglatt.ch\\\/#website\"},\"datePublished\":\"2025-11-26T15:22:08+00:00\",\"dateModified\":\"2025-11-26T15:26:30+00:00\",\"breadcrumb\":{\"@id\":\"https:\\\/\\\/bibliothek-niederglatt.ch\\\/index.php\\\/reglement\\\/#breadcrumb\"},\"inLanguage\":\"de\",\"potentialAction\":[{\"@type\":\"ReadAction\",\"target\":[\"https:\\\/\\\/bibliothek-niederglatt.ch\\\/index.php\\\/reglement\\\/\"]}]},{\"@type\":\"BreadcrumbList\",\"@id\":\"https:\\\/\\\/bibliothek-niederglatt.ch\\\/index.php\\\/reglement\\\/#breadcrumb\",\"itemListElement\":[{\"@type\":\"ListItem\",\"position\":1,\"name\":\"Startseite\",\"item\":\"https:\\\/\\\/bibliothek-niederglatt.ch\\\/\"},{\"@type\":\"ListItem\",\"position\":2,\"name\":\"Reglement\"}]},{\"@type\":\"WebSite\",\"@id\":\"https:\\\/\\\/bibliothek-niederglatt.ch\\\/#website\",\"url\":\"https:\\\/\\\/bibliothek-niederglatt.ch\\\/\",\"name\":\"Bibliothek Niederglatt\",\"description\":\"\",\"publisher\":{\"@id\":\"https:\\\/\\\/bibliothek-niederglatt.ch\\\/#organization\"},\"potentialAction\":[{\"@type\":\"SearchAction\",\"target\":{\"@type\":\"EntryPoint\",\"urlTemplate\":\"https:\\\/\\\/bibliothek-niederglatt.ch\\\/?s={search_term_string}\"},\"query-input\":{\"@type\":\"PropertyValueSpecification\",\"valueRequired\":true,\"valueName\":\"search_term_string\"}}],\"inLanguage\":\"de\"},{\"@type\":\"Organization\",\"@id\":\"https:\\\/\\\/bibliothek-niederglatt.ch\\\/#organization\",\"name\":\"Bibliothek Niederglatt\",\"url\":\"https:\\\/\\\/bibliothek-niederglatt.ch\\\/\",\"logo\":{\"@type\":\"ImageObject\",\"inLanguage\":\"de\",\"@id\":\"https:\\\/\\\/bibliothek-niederglatt.ch\\\/#\\\/schema\\\/logo\\\/image\\\/\",\"url\":\"https:\\\/\\\/bibliothek-niederglatt.ch\\\/wp-content\\\/uploads\\\/2025\\\/07\\\/Logo-web1.png\",\"contentUrl\":\"https:\\\/\\\/bibliothek-niederglatt.ch\\\/wp-content\\\/uploads\\\/2025\\\/07\\\/Logo-web1.png\",\"width\":580,\"height\":330,\"caption\":\"Bibliothek Niederglatt\"},\"image\":{\"@id\":\"https:\\\/\\\/bibliothek-niederglatt.ch\\\/#\\\/schema\\\/logo\\\/image\\\/\"},\"sameAs\":[\"https:\\\/\\\/www.instagram.com\\\/bibliothek_niederglatt\\\/\"]}]}<\/script>\n<!-- \/ Yoast SEO plugin. -->","yoast_head_json":{"title":"Reglement - Bibliothek Niederglatt","robots":{"index":"index","follow":"follow","max-snippet":"max-snippet:-1","max-image-preview":"max-image-preview:large","max-video-preview":"max-video-preview:-1"},"canonical":"https:\/\/bibliothek-niederglatt.ch\/index.php\/reglement\/","og_locale":"de_DE","og_type":"article","og_title":"Reglement - Bibliothek Niederglatt","og_description":"Jahresberichte Reglement der Bibliothek Niederglatt Reglement der Bibliothek Niederglatt Benutzungs- und Geb\u00fchrenreglement Benutzungs- und Geb\u00fchrenreglement Reglement der Bibliothek Niederglatt Benutzungs- und Geb\u00fchrenreglement","og_url":"https:\/\/bibliothek-niederglatt.ch\/index.php\/reglement\/","og_site_name":"Bibliothek Niederglatt","article_modified_time":"2025-11-26T15:26:30+00:00","twitter_card":"summary_large_image","schema":{"@context":"https:\/\/schema.org","@graph":[{"@type":"WebPage","@id":"https:\/\/bibliothek-niederglatt.ch\/index.php\/reglement\/","url":"https:\/\/bibliothek-niederglatt.ch\/index.php\/reglement\/","name":"Reglement - Bibliothek Niederglatt","isPartOf":{"@id":"https:\/\/bibliothek-niederglatt.ch\/#website"},"datePublished":"2025-11-26T15:22:08+00:00","dateModified":"2025-11-26T15:26:30+00:00","breadcrumb":{"@id":"https:\/\/bibliothek-niederglatt.ch\/index.php\/reglement\/#breadcrumb"},"inLanguage":"de","potentialAction":[{"@type":"ReadAction","target":["https:\/\/bibliothek-niederglatt.ch\/index.php\/reglement\/"]}]},{"@type":"BreadcrumbList","@id":"https:\/\/bibliothek-niederglatt.ch\/index.php\/reglement\/#breadcrumb","itemListElement":[{"@type":"ListItem","position":1,"name":"Startseite","item":"https:\/\/bibliothek-niederglatt.ch\/"},{"@type":"ListItem","position":2,"name":"Reglement"}]},{"@type":"WebSite","@id":"https:\/\/bibliothek-niederglatt.ch\/#website","url":"https:\/\/bibliothek-niederglatt.ch\/","name":"Bibliothek Niederglatt","description":"","publisher":{"@id":"https:\/\/bibliothek-niederglatt.ch\/#organization"},"potentialAction":[{"@type":"SearchAction","target":{"@type":"EntryPoint","urlTemplate":"https:\/\/bibliothek-niederglatt.ch\/?s={search_term_string}"},"query-input":{"@type":"PropertyValueSpecification","valueRequired":true,"valueName":"search_term_string"}}],"inLanguage":"de"},{"@type":"Organization","@id":"https:\/\/bibliothek-niederglatt.ch\/#organization","name":"Bibliothek Niederglatt","url":"https:\/\/bibliothek-niederglatt.ch\/","logo":{"@type":"ImageObject","inLanguage":"de","@id":"https:\/\/bibliothek-niederglatt.ch\/#\/schema\/logo\/image\/","url":"https:\/\/bibliothek-niederglatt.ch\/wp-content\/uploads\/2025\/07\/Logo-web1.png","contentUrl":"https:\/\/bibliothek-niederglatt.ch\/wp-content\/uploads\/2025\/07\/Logo-web1.png","width":580,"height":330,"caption":"Bibliothek Niederglatt"},"image":{"@id":"https:\/\/bibliothek-niederglatt.ch\/#\/schema\/logo\/image\/"},"sameAs":["https:\/\/www.instagram.com\/bibliothek_niederglatt\/"]}]}},"_links":{"self":[{"href":"https:\/\/bibliothek-niederglatt.ch\/index.php\/wp-json\/wp\/v2\/pages\/404","targetHints":{"allow":["GET"]}}],"collection":[{"href":"https:\/\/bibliothek-niederglatt.ch\/index.php\/wp-json\/wp\/v2\/pages"}],"about":[{"href":"https:\/\/bibliothek-niederglatt.ch\/index.php\/wp-json\/wp\/v2\/types\/page"}],"author":[{"embeddable":true,"href":"https:\/\/bibliothek-niederglatt.ch\/index.php\/wp-json\/wp\/v2\/users\/2"}],"replies":[{"embeddable":true,"href":"https:\/\/bibliothek-niederglatt.ch\/index.php\/wp-json\/wp\/v2\/comments?post=404"}],"version-history":[{"count":7,"href":"https:\/\/bibliothek-niederglatt.ch\/index.php\/wp-json\/wp\/v2\/pages\/404\/revisions"}],"predecessor-version":[{"id":411,"href":"https:\/\/bibliothek-niederglatt.ch\/index.php\/wp-json\/wp\/v2\/pages\/404\/revisions\/411"}],"wp:attachment":[{"href":"https:\/\/bibliothek-niederglatt.ch\/index.php\/wp-json\/wp\/v2\/media?parent=404"}],"curies":[{"name":"wp","href":"https:\/\/api.w.org\/{rel}","templated":true}]}}